{"id":12,"date":"2025-11-11T13:17:35","date_gmt":"2025-11-11T12:17:35","guid":{"rendered":"https:\/\/cubekolesa.splet.arnes.si\/?page_id=12"},"modified":"2025-11-11T13:17:35","modified_gmt":"2025-11-11T12:17:35","slug":"","status":"publish","type":"page","link":"https:\/\/cubekolesa.splet.arnes.si\/?page_id=12","title":{"rendered":"CUBE ATENTION PRO"},"content":{"rendered":"\n<p>Za rekreativnega gorskega kolesarja, ki \u017eeli dobro opremljeno hardtail kolo za gozdne poti, traile, izlete \u2013 ne nujno za tekmovanje ali ekstremne use-case.<\/p>\n\n\n\n<p>Za tiste, ki \u017eelijo aluminijast okvir z modernimi funkcijami (notranja napeljava, tubeless obro\u010di) in ne \u017eelijo vlo\u017eiti mega vsote v karbon ali polnovzmeteno kolo.<\/p>\n\n\n\n<p>Za vo\u017enjo po manj zahtevnih terenih, kjer je minimalisti\u010dno vzmetenje dovolj in kolo ne bo \u201cuglavljeno\u201d za ekstremni MTB.<\/p>\n\n\n\n<figure class=\"wp-block-image size-large\"><img loading=\"lazy\" decoding=\"async\" width=\"1024\" height=\"683\" src=\"https:\/\/cubekolesa.splet.arnes.si\/files\/2025\/11\/image-14-1024x683.png\" alt=\"\" class=\"wp-image-81\" srcset=\"https:\/\/cubekolesa.splet.arnes.si\/files\/2025\/11\/image-14-1024x683.png 1024w, https:\/\/cubekolesa.splet.arnes.si\/files\/2025\/11\/image-14-300x200.png 300w, https:\/\/cubekolesa.splet.arnes.si\/files\/2025\/11\/image-14-768x512.png 768w, https:\/\/cubekolesa.splet.arnes.si\/files\/2025\/11\/image-14-450x300.png 450w, https:\/\/cubekolesa.splet.arnes.si\/files\/2025\/11\/image-14.png 1200w\" sizes=\"auto, (max-width: 1024px) 100vw, 1024px\" \/><\/figure>\n","protected":false},"excerpt":{"rendered":"<p>Za rekreativnega gorskega kolesarja, ki \u017eeli dobro opremljeno hardtail kolo za gozdne poti, traile, izlete \u2013 ne nujno za tekmovanje ali ekstremne use-case. Za tiste, ki \u017eelijo aluminijast okvir z modernimi funkcijami (notranja napeljava, tubeless obro\u010di) in ne \u017eelijo vlo\u017eiti &hellip; <a href=\"https:\/\/cubekolesa.splet.arnes.si\/?page_id=12\">Beri naprej <span class=\"meta-nav\">&rarr;<\/span><\/a><\/p>\n","protected":false},"author":71417,"featured_media":0,"parent":0,"menu_order":0,"comment_status":"closed","ping_status":"closed","template":"","meta":{"footnotes":""},"class_list":["post-12","page","type-page","status-publish","hentry"],"_links":{"self":[{"href":"https:\/\/cubekolesa.splet.arnes.si\/index.php?rest_route=\/wp\/v2\/pages\/12","targetHints":{"allow":["GET"]}}],"collection":[{"href":"https:\/\/cubekolesa.splet.arnes.si\/index.php?rest_route=\/wp\/v2\/pages"}],"about":[{"href":"https:\/\/cubekolesa.splet.arnes.si\/index.php?rest_route=\/wp\/v2\/types\/page"}],"author":[{"embeddable":true,"href":"https:\/\/cubekolesa.splet.arnes.si\/index.php?rest_route=\/wp\/v2\/users\/71417"}],"replies":[{"embeddable":true,"href":"https:\/\/cubekolesa.splet.arnes.si\/index.php?rest_route=%2Fwp%2Fv2%2Fcomments&post=12"}],"version-history":[{"count":4,"href":"https:\/\/cubekolesa.splet.arnes.si\/index.php?rest_route=\/wp\/v2\/pages\/12\/revisions"}],"predecessor-version":[{"id":82,"href":"https:\/\/cubekolesa.splet.arnes.si\/index.php?rest_route=\/wp\/v2\/pages\/12\/revisions\/82"}],"wp:attachment":[{"href":"https:\/\/cubekolesa.splet.arnes.si\/index.php?rest_route=%2Fwp%2Fv2%2Fmedia&parent=12"}],"curies":[{"name":"wp","href":"https:\/\/api.w.org\/{rel}","templated":true}]}}