{"id":136,"date":"2025-11-11T14:16:28","date_gmt":"2025-11-11T13:16:28","guid":{"rendered":"https:\/\/cubekolesa.splet.arnes.si\/?page_id=136"},"modified":"2025-12-09T14:11:28","modified_gmt":"2025-12-09T13:11:28","slug":"oprema-2","status":"publish","type":"page","link":"https:\/\/cubekolesa.splet.arnes.si\/?page_id=136","title":{"rendered":"OPREMA"},"content":{"rendered":"\n<p><a href=\"https:\/\/cubekolesa.splet.arnes.si\/?page_id=4\" data-type=\"page\" data-id=\"4\">\u010cELADA<\/a><\/p>\n\n\n\n<p><a href=\"https:\/\/cubekolesa.splet.arnes.si\/?page_id=66\" data-type=\"page\" data-id=\"66\">\u010cEVLJI<\/a><\/p>\n\n\n\n<p><a href=\"https:\/\/cubekolesa.splet.arnes.si\/?page_id=63\" data-type=\"page\" data-id=\"63\">OBLA\u010cILA<\/a><\/p>\n\n\n\n<p><a href=\"https:\/\/cubekolesa.splet.arnes.si\/?page_id=59\" data-type=\"page\" data-id=\"59\">ROKAVICE<\/a><\/p>\n\n\n\n<p><a href=\"https:\/\/cubekolesa.splet.arnes.si\/?page_id=69\" data-type=\"page\" data-id=\"69\">O\u010cALA<\/a><\/p>\n","protected":false},"excerpt":{"rendered":"<p>\u010cELADA \u010cEVLJI OBLA\u010cILA ROKAVICE O\u010cALA<\/p>\n","protected":false},"author":71417,"featured_media":0,"parent":0,"menu_order":0,"comment_status":"closed","ping_status":"closed","template":"","meta":{"footnotes":""},"class_list":["post-136","page","type-page","status-publish","hentry"],"_links":{"self":[{"href":"https:\/\/cubekolesa.splet.arnes.si\/index.php?rest_route=\/wp\/v2\/pages\/136","targetHints":{"allow":["GET"]}}],"collection":[{"href":"https:\/\/cubekolesa.splet.arnes.si\/index.php?rest_route=\/wp\/v2\/pages"}],"about":[{"href":"https:\/\/cubekolesa.splet.arnes.si\/index.php?rest_route=\/wp\/v2\/types\/page"}],"author":[{"embeddable":true,"href":"https:\/\/cubekolesa.splet.arnes.si\/index.php?rest_route=\/wp\/v2\/users\/71417"}],"replies":[{"embeddable":true,"href":"https:\/\/cubekolesa.splet.arnes.si\/index.php?rest_route=%2Fwp%2Fv2%2Fcomments&post=136"}],"version-history":[{"count":3,"href":"https:\/\/cubekolesa.splet.arnes.si\/index.php?rest_route=\/wp\/v2\/pages\/136\/revisions"}],"predecessor-version":[{"id":300,"href":"https:\/\/cubekolesa.splet.arnes.si\/index.php?rest_route=\/wp\/v2\/pages\/136\/revisions\/300"}],"wp:attachment":[{"href":"https:\/\/cubekolesa.splet.arnes.si\/index.php?rest_route=%2Fwp%2Fv2%2Fmedia&parent=136"}],"curies":[{"name":"wp","href":"https:\/\/api.w.org\/{rel}","templated":true}]}}