{"id":267,"date":"2025-12-09T13:26:25","date_gmt":"2025-12-09T12:26:25","guid":{"rendered":"https:\/\/cubekolesa.splet.arnes.si\/?page_id=267"},"modified":"2025-12-09T13:30:23","modified_gmt":"2025-12-09T12:30:23","slug":"267-2","status":"publish","type":"page","link":"https:\/\/cubekolesa.splet.arnes.si\/","title":{"rendered":""},"content":{"rendered":"\n<p>Na teli spletni strani si boste lahko ogledali CUBE kolesa.<\/p>\n\n\n\n<p>Avtor: Gal Vavtar, vsebina je pridobljena z drugih spletnih strani.<\/p>\n\n\n\n<p>Spletna stran je nastala pri predmetu Ra\u010dunalni\u0161tva omre\u017eja, \u0161ol. l. 2025\/2026, 9.razred.<\/p>\n\n\n\n<p><\/p>\n","protected":false},"excerpt":{"rendered":"<p>Na teli spletni strani si boste lahko ogledali CUBE kolesa. Avtor: Gal Vavtar, vsebina je pridobljena z drugih spletnih strani. Spletna stran je nastala pri predmetu Ra\u010dunalni\u0161tva omre\u017eja, \u0161ol. l. 2025\/2026, 9.razred.<\/p>\n","protected":false},"author":71417,"featured_media":0,"parent":0,"menu_order":0,"comment_status":"closed","ping_status":"closed","template":"","meta":{"footnotes":""},"class_list":["post-267","page","type-page","status-publish","hentry"],"_links":{"self":[{"href":"https:\/\/cubekolesa.splet.arnes.si\/index.php?rest_route=\/wp\/v2\/pages\/267","targetHints":{"allow":["GET"]}}],"collection":[{"href":"https:\/\/cubekolesa.splet.arnes.si\/index.php?rest_route=\/wp\/v2\/pages"}],"about":[{"href":"https:\/\/cubekolesa.splet.arnes.si\/index.php?rest_route=\/wp\/v2\/types\/page"}],"author":[{"embeddable":true,"href":"https:\/\/cubekolesa.splet.arnes.si\/index.php?rest_route=\/wp\/v2\/users\/71417"}],"replies":[{"embeddable":true,"href":"https:\/\/cubekolesa.splet.arnes.si\/index.php?rest_route=%2Fwp%2Fv2%2Fcomments&post=267"}],"version-history":[{"count":6,"href":"https:\/\/cubekolesa.splet.arnes.si\/index.php?rest_route=\/wp\/v2\/pages\/267\/revisions"}],"predecessor-version":[{"id":277,"href":"https:\/\/cubekolesa.splet.arnes.si\/index.php?rest_route=\/wp\/v2\/pages\/267\/revisions\/277"}],"wp:attachment":[{"href":"https:\/\/cubekolesa.splet.arnes.si\/index.php?rest_route=%2Fwp%2Fv2%2Fmedia&parent=267"}],"curies":[{"name":"wp","href":"https:\/\/api.w.org\/{rel}","templated":true}]}}