{"id":31,"date":"2025-11-04T13:59:45","date_gmt":"2025-11-04T12:59:45","guid":{"rendered":"https:\/\/cubekolesa.splet.arnes.si\/?page_id=31"},"modified":"2025-12-09T14:12:30","modified_gmt":"2025-12-09T13:12:30","slug":"stereo-hybrid-one55","status":"publish","type":"page","link":"https:\/\/cubekolesa.splet.arnes.si\/?page_id=31","title":{"rendered":"STEREO HYBRID ONE55"},"content":{"rendered":"\n<p>Cube ONE55 je elektri\u010dno polnovzmeteno gorsko kolo (\u201ce\u2011MTB full suspension\u201d), ki spada v razred \u201call\u2011mountain \/ enduro\u201d. Namenjen je zahtevnej\u0161im terenam, kjer so zahtevni spusti, tehni\u010dne sekcije, strmi klanci, dolge ture in kjer \u017eeli\u0161, da kolo nudi veliko zmogljivost pri spustu, hkrati pa tudi solidno u\u010dinkovitost pri vzponu.<\/p>\n\n\n\n<p>Mo\u010dan motor (Bosch Performance CX Gen 4) z navorom okoli 85\u202fNm.<\/p>\n\n\n\n<p>Velika kapaciteta baterije \u2014 standardno 750 Wh, kar daje dober doseg. <\/p>\n\n\n\n<p>Okvir iz karbonskega materiala \u201cC:68X\u201d pri vrhunskih izvedbah, ki je la\u017eji in tog, z integrirano baterijo. <\/p>\n\n\n\n<p>Velik hod vzmetenja: spredaj ~160 mm, zadaj ~150 mm \u2014 kar pomeni, da je dobro prilagojen za spuste, zahtevne trail dele.<\/p>\n\n\n\n<figure class=\"wp-block-image size-large\"><img loading=\"lazy\" decoding=\"async\" width=\"1024\" height=\"682\" src=\"https:\/\/cubekolesa.splet.arnes.si\/files\/2025\/11\/image-2-1024x682.png\" alt=\"\" class=\"wp-image-15\" srcset=\"https:\/\/cubekolesa.splet.arnes.si\/files\/2025\/11\/image-2-1024x682.png 1024w, https:\/\/cubekolesa.splet.arnes.si\/files\/2025\/11\/image-2-300x200.png 300w, https:\/\/cubekolesa.splet.arnes.si\/files\/2025\/11\/image-2-768x512.png 768w, https:\/\/cubekolesa.splet.arnes.si\/files\/2025\/11\/image-2-1536x1024.png 1536w, https:\/\/cubekolesa.splet.arnes.si\/files\/2025\/11\/image-2-450x300.png 450w, https:\/\/cubekolesa.splet.arnes.si\/files\/2025\/11\/image-2.png 2000w\" sizes=\"auto, (max-width: 1024px) 100vw, 1024px\" \/><\/figure>\n","protected":false},"excerpt":{"rendered":"<p>Cube ONE55 je elektri\u010dno polnovzmeteno gorsko kolo (\u201ce\u2011MTB full suspension\u201d), ki spada v razred \u201call\u2011mountain \/ enduro\u201d. Namenjen je zahtevnej\u0161im terenam, kjer so zahtevni spusti, tehni\u010dne sekcije, strmi klanci, dolge ture in kjer \u017eeli\u0161, da kolo nudi veliko zmogljivost pri &hellip; <a href=\"https:\/\/cubekolesa.splet.arnes.si\/?page_id=31\">Beri naprej <span class=\"meta-nav\">&rarr;<\/span><\/a><\/p>\n","protected":false},"author":71417,"featured_media":0,"parent":0,"menu_order":0,"comment_status":"closed","ping_status":"closed","template":"","meta":{"footnotes":""},"class_list":["post-31","page","type-page","status-publish","hentry"],"_links":{"self":[{"href":"https:\/\/cubekolesa.splet.arnes.si\/index.php?rest_route=\/wp\/v2\/pages\/31","targetHints":{"allow":["GET"]}}],"collection":[{"href":"https:\/\/cubekolesa.splet.arnes.si\/index.php?rest_route=\/wp\/v2\/pages"}],"about":[{"href":"https:\/\/cubekolesa.splet.arnes.si\/index.php?rest_route=\/wp\/v2\/types\/page"}],"author":[{"embeddable":true,"href":"https:\/\/cubekolesa.splet.arnes.si\/index.php?rest_route=\/wp\/v2\/users\/71417"}],"replies":[{"embeddable":true,"href":"https:\/\/cubekolesa.splet.arnes.si\/index.php?rest_route=%2Fwp%2Fv2%2Fcomments&post=31"}],"version-history":[{"count":5,"href":"https:\/\/cubekolesa.splet.arnes.si\/index.php?rest_route=\/wp\/v2\/pages\/31\/revisions"}],"predecessor-version":[{"id":302,"href":"https:\/\/cubekolesa.splet.arnes.si\/index.php?rest_route=\/wp\/v2\/pages\/31\/revisions\/302"}],"wp:attachment":[{"href":"https:\/\/cubekolesa.splet.arnes.si\/index.php?rest_route=%2Fwp%2Fv2%2Fmedia&parent=31"}],"curies":[{"name":"wp","href":"https:\/\/api.w.org\/{rel}","templated":true}]}}