{"id":39,"date":"2025-11-04T14:15:24","date_gmt":"2025-11-04T13:15:24","guid":{"rendered":"https:\/\/cubekolesa.splet.arnes.si\/?page_id=39"},"modified":"2025-11-04T14:15:24","modified_gmt":"2025-11-04T13:15:24","slug":"","status":"publish","type":"page","link":"https:\/\/cubekolesa.splet.arnes.si\/?page_id=39","title":{"rendered":"STEREO HYBRID ONE77 HPC"},"content":{"rendered":"\n<p>To kolo je polno vzmeteno elektri\u010dno gorsko kolo \u2013 ni \u201cle\u201d trail kolo, ampak bolj usmerjeno na zahtevnej\u0161e terene, tako v vzponu kot \u0161e bolj v spustu.<\/p>\n\n\n\n<p>Zaradi mullet konfiguracije in 170 mm hoda vzmetenja je primerno za \u201cenduro\u201d \/ \u201call-mountain\u201d vo\u017enjo, kjer je potrebno tudi dobro vzmetenje in stabilnost.<\/p>\n\n\n\n<p>\u010ce bo\u0161 veliko delal vzpone in manj ekstremnih spustov, morda obstajajo la\u017eji modeli \u2013 vendar \u010de i\u0161\u010de\u0161 vsestransko zmogljivo kolo, je to zelo mo\u010dna izbira.<\/p>\n\n\n\n<figure class=\"wp-block-image size-large\"><img loading=\"lazy\" decoding=\"async\" width=\"1024\" height=\"576\" src=\"https:\/\/cubekolesa.splet.arnes.si\/files\/2025\/11\/image-8-1024x576.png\" alt=\"\" class=\"wp-image-55\" srcset=\"https:\/\/cubekolesa.splet.arnes.si\/files\/2025\/11\/image-8-1024x576.png 1024w, https:\/\/cubekolesa.splet.arnes.si\/files\/2025\/11\/image-8-300x169.png 300w, https:\/\/cubekolesa.splet.arnes.si\/files\/2025\/11\/image-8-768x432.png 768w, https:\/\/cubekolesa.splet.arnes.si\/files\/2025\/11\/image-8-1536x864.png 1536w, https:\/\/cubekolesa.splet.arnes.si\/files\/2025\/11\/image-8-500x281.png 500w, https:\/\/cubekolesa.splet.arnes.si\/files\/2025\/11\/image-8.png 1920w\" sizes=\"auto, (max-width: 1024px) 100vw, 1024px\" \/><\/figure>\n","protected":false},"excerpt":{"rendered":"<p>To kolo je polno vzmeteno elektri\u010dno gorsko kolo \u2013 ni \u201cle\u201d trail kolo, ampak bolj usmerjeno na zahtevnej\u0161e terene, tako v vzponu kot \u0161e bolj v spustu. Zaradi mullet konfiguracije in 170 mm hoda vzmetenja je primerno za \u201cenduro\u201d \/ &hellip; <a href=\"https:\/\/cubekolesa.splet.arnes.si\/?page_id=39\">Beri naprej <span class=\"meta-nav\">&rarr;<\/span><\/a><\/p>\n","protected":false},"author":71417,"featured_media":0,"parent":0,"menu_order":0,"comment_status":"closed","ping_status":"closed","template":"","meta":{"footnotes":""},"class_list":["post-39","page","type-page","status-publish","hentry"],"_links":{"self":[{"href":"https:\/\/cubekolesa.splet.arnes.si\/index.php?rest_route=\/wp\/v2\/pages\/39","targetHints":{"allow":["GET"]}}],"collection":[{"href":"https:\/\/cubekolesa.splet.arnes.si\/index.php?rest_route=\/wp\/v2\/pages"}],"about":[{"href":"https:\/\/cubekolesa.splet.arnes.si\/index.php?rest_route=\/wp\/v2\/types\/page"}],"author":[{"embeddable":true,"href":"https:\/\/cubekolesa.splet.arnes.si\/index.php?rest_route=\/wp\/v2\/users\/71417"}],"replies":[{"embeddable":true,"href":"https:\/\/cubekolesa.splet.arnes.si\/index.php?rest_route=%2Fwp%2Fv2%2Fcomments&post=39"}],"version-history":[{"count":4,"href":"https:\/\/cubekolesa.splet.arnes.si\/index.php?rest_route=\/wp\/v2\/pages\/39\/revisions"}],"predecessor-version":[{"id":56,"href":"https:\/\/cubekolesa.splet.arnes.si\/index.php?rest_route=\/wp\/v2\/pages\/39\/revisions\/56"}],"wp:attachment":[{"href":"https:\/\/cubekolesa.splet.arnes.si\/index.php?rest_route=%2Fwp%2Fv2%2Fmedia&parent=39"}],"curies":[{"name":"wp","href":"https:\/\/api.w.org\/{rel}","templated":true}]}}