{"id":4,"date":"2025-10-07T14:20:38","date_gmt":"2025-10-07T12:20:38","guid":{"rendered":"https:\/\/cubekolesa.splet.arnes.si\/?page_id=4"},"modified":"2025-12-07T18:21:31","modified_gmt":"2025-12-07T17:21:31","slug":"oprema","status":"publish","type":"page","link":"https:\/\/cubekolesa.splet.arnes.si\/?page_id=4","title":{"rendered":"\u010cELADA"},"content":{"rendered":"\n<p> \u010celada je oblika osebne varovalne opreme, ki \u0161\u010diti glavo pred po\u0161kodbami.<\/p>\n\n\n\n<p>V\u010dasih se \u010delada uporablja tudi v sve\u010dane ali simbolne namene. Najstarej\u0161a znana uporaba \u010delade sega v leto 900 pr. n. \u0161t.. Nosili so jo asirski vojaki. Izdelana je bila iz tankega usnja ali iz brona. Njena vloga je bila varovanje glave pred topimi predmeti, udarci z me\u010dem in zadetki pu\u0161\u010dic v bojih.<\/p>\n\n\n\n<figure class=\"wp-block-image size-full is-resized\"><img loading=\"lazy\" decoding=\"async\" width=\"300\" height=\"242\" src=\"https:\/\/cubekolesa.splet.arnes.si\/files\/2025\/12\/image-1.png\" alt=\"\" class=\"wp-image-254\" style=\"width:475px;height:auto\" \/><\/figure>\n\n\n\n<p><\/p>\n\n\n\n<p><\/p>\n\n\n\n<p><\/p>\n\n\n\n<p><\/p>\n\n\n\n<p><\/p>\n\n\n\n<p><\/p>\n\n\n\n<p><\/p>\n\n\n\n<p><\/p>\n\n\n\n<p><\/p>\n\n\n\n<p><\/p>\n\n\n\n<p><\/p>\n\n\n\n<p><\/p>\n\n\n\n<p><\/p>\n\n\n\n<p><\/p>\n\n\n\n<p><\/p>\n\n\n\n<p><\/p>\n\n\n\n<p><\/p>\n\n\n\n<p><\/p>\n\n\n\n<p><\/p>\n\n\n\n<p><\/p>\n\n\n\n<p><\/p>\n\n\n\n<p><\/p>\n\n\n\n<p><\/p>\n\n\n\n<p><\/p>\n\n\n\n<p><\/p>\n\n\n\n<p><\/p>\n\n\n\n<p><\/p>\n\n\n\n<p><\/p>\n\n\n\n<p><\/p>\n\n\n\n<p><\/p>\n\n\n\n<p><\/p>\n\n\n\n<p><\/p>\n\n\n\n<p><\/p>\n\n\n\n<p><\/p>\n\n\n\n<p><\/p>\n\n\n\n<p><\/p>\n\n\n\n<p><\/p>\n\n\n\n<p><\/p>\n\n\n\n<p><\/p>\n\n\n\n<p><\/p>\n","protected":false},"excerpt":{"rendered":"<p>\u010celada je oblika osebne varovalne opreme, ki \u0161\u010diti glavo pred po\u0161kodbami. V\u010dasih se \u010delada uporablja tudi v sve\u010dane ali simbolne namene. Najstarej\u0161a znana uporaba \u010delade sega v leto 900 pr. n. \u0161t.. Nosili so jo asirski vojaki. Izdelana je bila &hellip; <a href=\"https:\/\/cubekolesa.splet.arnes.si\/?page_id=4\">Beri naprej <span class=\"meta-nav\">&rarr;<\/span><\/a><\/p>\n","protected":false},"author":71417,"featured_media":0,"parent":0,"menu_order":0,"comment_status":"closed","ping_status":"closed","template":"","meta":{"footnotes":""},"class_list":["post-4","page","type-page","status-publish","hentry"],"_links":{"self":[{"href":"https:\/\/cubekolesa.splet.arnes.si\/index.php?rest_route=\/wp\/v2\/pages\/4","targetHints":{"allow":["GET"]}}],"collection":[{"href":"https:\/\/cubekolesa.splet.arnes.si\/index.php?rest_route=\/wp\/v2\/pages"}],"about":[{"href":"https:\/\/cubekolesa.splet.arnes.si\/index.php?rest_route=\/wp\/v2\/types\/page"}],"author":[{"embeddable":true,"href":"https:\/\/cubekolesa.splet.arnes.si\/index.php?rest_route=\/wp\/v2\/users\/71417"}],"replies":[{"embeddable":true,"href":"https:\/\/cubekolesa.splet.arnes.si\/index.php?rest_route=%2Fwp%2Fv2%2Fcomments&post=4"}],"version-history":[{"count":8,"href":"https:\/\/cubekolesa.splet.arnes.si\/index.php?rest_route=\/wp\/v2\/pages\/4\/revisions"}],"predecessor-version":[{"id":256,"href":"https:\/\/cubekolesa.splet.arnes.si\/index.php?rest_route=\/wp\/v2\/pages\/4\/revisions\/256"}],"wp:attachment":[{"href":"https:\/\/cubekolesa.splet.arnes.si\/index.php?rest_route=%2Fwp%2Fv2%2Fmedia&parent=4"}],"curies":[{"name":"wp","href":"https:\/\/api.w.org\/{rel}","templated":true}]}}