{"id":48,"date":"2025-11-04T14:11:43","date_gmt":"2025-11-04T13:11:43","guid":{"rendered":"https:\/\/cubekolesa.splet.arnes.si\/?page_id=48"},"modified":"2025-12-07T18:15:03","modified_gmt":"2025-12-07T17:15:03","slug":"cube-bh-ultimate","status":"publish","type":"page","link":"https:\/\/cubekolesa.splet.arnes.si\/?page_id=48","title":{"rendered":"CUBE BH ULTIMATE"},"content":{"rendered":"\n<p>Standardi Zadnje Osi: Uporablja standard Boost 148&#215;12 mm, ki pove\u010duje togost zadnjega kolesa za bolj\u0161i prenos mo\u010di in natan\u010dnej\u0161e krmiljenje.<br>\u200bVzmetenje (spredaj): Kot tipi\u010den hardtail ima le sprednje vzmetenje (vilice), obi\u010dajno s hodom 100 mm, opremljeno z zra\u010dnimi vilicami (npr. Fox 32 ali RockShox SID) z mo\u017enostjo zaklepa na krmilu za maksimalno u\u010dinkovitost na ravnih odsekih.<br>\u200bSkratka: BH Ultimate je dirkalni stroj za kolesarje, ki tekmujejo ali pa \u017eelijo izkusiti vrhunsko hitrost in odzivnost na nezahtevnih do srednje zahtevnih gorskih poteh.<\/p>\n\n\n\n<figure class=\"wp-block-image size-large\"><img loading=\"lazy\" decoding=\"async\" width=\"1024\" height=\"683\" src=\"https:\/\/cubekolesa.splet.arnes.si\/files\/2025\/11\/image-7-1024x683.png\" alt=\"\" class=\"wp-image-51\" srcset=\"https:\/\/cubekolesa.splet.arnes.si\/files\/2025\/11\/image-7-1024x683.png 1024w, https:\/\/cubekolesa.splet.arnes.si\/files\/2025\/11\/image-7-300x200.png 300w, https:\/\/cubekolesa.splet.arnes.si\/files\/2025\/11\/image-7-768x512.png 768w, https:\/\/cubekolesa.splet.arnes.si\/files\/2025\/11\/image-7-450x300.png 450w, https:\/\/cubekolesa.splet.arnes.si\/files\/2025\/11\/image-7.png 1200w\" sizes=\"auto, (max-width: 1024px) 100vw, 1024px\" \/><\/figure>\n","protected":false},"excerpt":{"rendered":"<p>Standardi Zadnje Osi: Uporablja standard Boost 148&#215;12 mm, ki pove\u010duje togost zadnjega kolesa za bolj\u0161i prenos mo\u010di in natan\u010dnej\u0161e krmiljenje.\u200bVzmetenje (spredaj): Kot tipi\u010den hardtail ima le sprednje vzmetenje (vilice), obi\u010dajno s hodom 100 mm, opremljeno z zra\u010dnimi vilicami (npr. Fox &hellip; <a href=\"https:\/\/cubekolesa.splet.arnes.si\/?page_id=48\">Beri naprej <span class=\"meta-nav\">&rarr;<\/span><\/a><\/p>\n","protected":false},"author":71417,"featured_media":0,"parent":0,"menu_order":0,"comment_status":"closed","ping_status":"closed","template":"","meta":{"footnotes":""},"class_list":["post-48","page","type-page","status-publish","hentry"],"_links":{"self":[{"href":"https:\/\/cubekolesa.splet.arnes.si\/index.php?rest_route=\/wp\/v2\/pages\/48","targetHints":{"allow":["GET"]}}],"collection":[{"href":"https:\/\/cubekolesa.splet.arnes.si\/index.php?rest_route=\/wp\/v2\/pages"}],"about":[{"href":"https:\/\/cubekolesa.splet.arnes.si\/index.php?rest_route=\/wp\/v2\/types\/page"}],"author":[{"embeddable":true,"href":"https:\/\/cubekolesa.splet.arnes.si\/index.php?rest_route=\/wp\/v2\/users\/71417"}],"replies":[{"embeddable":true,"href":"https:\/\/cubekolesa.splet.arnes.si\/index.php?rest_route=%2Fwp%2Fv2%2Fcomments&post=48"}],"version-history":[{"count":4,"href":"https:\/\/cubekolesa.splet.arnes.si\/index.php?rest_route=\/wp\/v2\/pages\/48\/revisions"}],"predecessor-version":[{"id":252,"href":"https:\/\/cubekolesa.splet.arnes.si\/index.php?rest_route=\/wp\/v2\/pages\/48\/revisions\/252"}],"wp:attachment":[{"href":"https:\/\/cubekolesa.splet.arnes.si\/index.php?rest_route=%2Fwp%2Fv2%2Fmedia&parent=48"}],"curies":[{"name":"wp","href":"https:\/\/api.w.org\/{rel}","templated":true}]}}