{"id":59,"date":"2025-11-11T13:11:59","date_gmt":"2025-11-11T12:11:59","guid":{"rendered":"https:\/\/cubekolesa.splet.arnes.si\/?page_id=59"},"modified":"2025-12-07T18:26:41","modified_gmt":"2025-12-07T17:26:41","slug":"rokavice","status":"publish","type":"page","link":"https:\/\/cubekolesa.splet.arnes.si\/?page_id=59","title":{"rendered":"ROKAVICE"},"content":{"rendered":"\n<p> Kolesarske rokavice sodijo tudi med za\u0161\u010ditno opremo. Pri padcu s kolesa se na\u0161e dlani namre\u010d instinktivno razprejo in vedno nekako pristanemo na njih. Podobno kot pri padcu ma\u010dka vedno pristane na ta\u010dkah, le da se ljudje te\u017eko primerjamo z njo.<\/p>\n\n\n\n<figure class=\"wp-block-image size-full is-resized\"><img loading=\"lazy\" decoding=\"async\" width=\"282\" height=\"300\" src=\"https:\/\/cubekolesa.splet.arnes.si\/files\/2025\/12\/image-4.png\" alt=\"\" class=\"wp-image-261\" style=\"width:443px;height:auto\" \/><\/figure>\n","protected":false},"excerpt":{"rendered":"<p>Kolesarske rokavice sodijo tudi med za\u0161\u010ditno opremo. Pri padcu s kolesa se na\u0161e dlani namre\u010d instinktivno razprejo in vedno nekako pristanemo na njih. Podobno kot pri padcu ma\u010dka vedno pristane na ta\u010dkah, le da se ljudje te\u017eko primerjamo z njo.<\/p>\n","protected":false},"author":71417,"featured_media":0,"parent":0,"menu_order":0,"comment_status":"closed","ping_status":"closed","template":"","meta":{"footnotes":""},"class_list":["post-59","page","type-page","status-publish","hentry"],"_links":{"self":[{"href":"https:\/\/cubekolesa.splet.arnes.si\/index.php?rest_route=\/wp\/v2\/pages\/59","targetHints":{"allow":["GET"]}}],"collection":[{"href":"https:\/\/cubekolesa.splet.arnes.si\/index.php?rest_route=\/wp\/v2\/pages"}],"about":[{"href":"https:\/\/cubekolesa.splet.arnes.si\/index.php?rest_route=\/wp\/v2\/types\/page"}],"author":[{"embeddable":true,"href":"https:\/\/cubekolesa.splet.arnes.si\/index.php?rest_route=\/wp\/v2\/users\/71417"}],"replies":[{"embeddable":true,"href":"https:\/\/cubekolesa.splet.arnes.si\/index.php?rest_route=%2Fwp%2Fv2%2Fcomments&post=59"}],"version-history":[{"count":4,"href":"https:\/\/cubekolesa.splet.arnes.si\/index.php?rest_route=\/wp\/v2\/pages\/59\/revisions"}],"predecessor-version":[{"id":262,"href":"https:\/\/cubekolesa.splet.arnes.si\/index.php?rest_route=\/wp\/v2\/pages\/59\/revisions\/262"}],"wp:attachment":[{"href":"https:\/\/cubekolesa.splet.arnes.si\/index.php?rest_route=%2Fwp%2Fv2%2Fmedia&parent=59"}],"curies":[{"name":"wp","href":"https:\/\/api.w.org\/{rel}","templated":true}]}}