{"id":63,"date":"2025-11-11T13:09:27","date_gmt":"2025-11-11T12:09:27","guid":{"rendered":"https:\/\/cubekolesa.splet.arnes.si\/?page_id=63"},"modified":"2025-12-07T18:24:25","modified_gmt":"2025-12-07T17:24:25","slug":"oblacila","status":"publish","type":"page","link":"https:\/\/cubekolesa.splet.arnes.si\/?page_id=63","title":{"rendered":"OBLA\u010cILA"},"content":{"rendered":"\n<p> Kolesarska obleka je pomembna, ker je namenoma zasnovana za udobje, varnost in u\u010dinkovitos<strong>t<\/strong> pri kolesarjenju. Navadna \u0161portna ali vsakdanja obla\u010dila pogosto ne nudijo enake podpore in funkcionalnosti, zato se kolesarska obleka uporablja tako pri rekreativcih kot tudi pri resnej\u0161ih kolesarjih.<\/p>\n\n\n\n<figure class=\"wp-block-image size-full is-resized\"><img loading=\"lazy\" decoding=\"async\" width=\"263\" height=\"300\" src=\"https:\/\/cubekolesa.splet.arnes.si\/files\/2025\/12\/image-3.png\" alt=\"\" class=\"wp-image-259\" style=\"width:395px;height:auto\" \/><\/figure>\n","protected":false},"excerpt":{"rendered":"<p>Kolesarska obleka je pomembna, ker je namenoma zasnovana za udobje, varnost in u\u010dinkovitost pri kolesarjenju. Navadna \u0161portna ali vsakdanja obla\u010dila pogosto ne nudijo enake podpore in funkcionalnosti, zato se kolesarska obleka uporablja tako pri rekreativcih kot tudi pri resnej\u0161ih kolesarjih.<\/p>\n","protected":false},"author":71417,"featured_media":0,"parent":0,"menu_order":0,"comment_status":"closed","ping_status":"closed","template":"","meta":{"footnotes":""},"class_list":["post-63","page","type-page","status-publish","hentry"],"_links":{"self":[{"href":"https:\/\/cubekolesa.splet.arnes.si\/index.php?rest_route=\/wp\/v2\/pages\/63","targetHints":{"allow":["GET"]}}],"collection":[{"href":"https:\/\/cubekolesa.splet.arnes.si\/index.php?rest_route=\/wp\/v2\/pages"}],"about":[{"href":"https:\/\/cubekolesa.splet.arnes.si\/index.php?rest_route=\/wp\/v2\/types\/page"}],"author":[{"embeddable":true,"href":"https:\/\/cubekolesa.splet.arnes.si\/index.php?rest_route=\/wp\/v2\/users\/71417"}],"replies":[{"embeddable":true,"href":"https:\/\/cubekolesa.splet.arnes.si\/index.php?rest_route=%2Fwp%2Fv2%2Fcomments&post=63"}],"version-history":[{"count":3,"href":"https:\/\/cubekolesa.splet.arnes.si\/index.php?rest_route=\/wp\/v2\/pages\/63\/revisions"}],"predecessor-version":[{"id":260,"href":"https:\/\/cubekolesa.splet.arnes.si\/index.php?rest_route=\/wp\/v2\/pages\/63\/revisions\/260"}],"wp:attachment":[{"href":"https:\/\/cubekolesa.splet.arnes.si\/index.php?rest_route=%2Fwp%2Fv2%2Fmedia&parent=63"}],"curies":[{"name":"wp","href":"https:\/\/api.w.org\/{rel}","templated":true}]}}