{"id":66,"date":"2025-11-11T13:08:24","date_gmt":"2025-11-11T12:08:24","guid":{"rendered":"https:\/\/cubekolesa.splet.arnes.si\/?page_id=66"},"modified":"2025-12-07T18:22:25","modified_gmt":"2025-12-07T17:22:25","slug":"cevlji","status":"publish","type":"page","link":"https:\/\/cubekolesa.splet.arnes.si\/?page_id=66","title":{"rendered":"\u010cEVLJI"},"content":{"rendered":"\n<p>Kolesarski \u010devlji so \u010devlji, namensko izdelani za kolesarjenje. Obstajajo razli\u010dni modeli, odvisno od vrste in intenzivnosti kolesarjenje, za katerega so namenjeni. Klju\u010dne lastnosti vklju\u010dujejo togost, za u\u010dinkovitej\u0161i prenos mo\u010di s kolesarja na pedale, te\u017eo, na\u010din trdne pritrditve \u010devlja na pedal in prilagodljivost za uporabo na kolesu in izven njega. Ve\u010dino visoko zmogljivih kolesarskih \u010devljev je mogo\u010de prilagoditi med uporabo s sistemom za hitro prilagajanje, ki je v veliki meri nadomestil vezalke.<\/p>\n\n\n\n<figure class=\"wp-block-image size-full\"><img loading=\"lazy\" decoding=\"async\" width=\"1000\" height=\"610\" src=\"https:\/\/cubekolesa.splet.arnes.si\/files\/2025\/12\/image-2.png\" alt=\"\" class=\"wp-image-257\" srcset=\"https:\/\/cubekolesa.splet.arnes.si\/files\/2025\/12\/image-2.png 1000w, https:\/\/cubekolesa.splet.arnes.si\/files\/2025\/12\/image-2-300x183.png 300w, https:\/\/cubekolesa.splet.arnes.si\/files\/2025\/12\/image-2-768x468.png 768w, https:\/\/cubekolesa.splet.arnes.si\/files\/2025\/12\/image-2-492x300.png 492w\" sizes=\"auto, (max-width: 1000px) 100vw, 1000px\" \/><\/figure>\n","protected":false},"excerpt":{"rendered":"<p>Kolesarski \u010devlji so \u010devlji, namensko izdelani za kolesarjenje. Obstajajo razli\u010dni modeli, odvisno od vrste in intenzivnosti kolesarjenje, za katerega so namenjeni. Klju\u010dne lastnosti vklju\u010dujejo togost, za u\u010dinkovitej\u0161i prenos mo\u010di s kolesarja na pedale, te\u017eo, na\u010din trdne pritrditve \u010devlja na pedal &hellip; <a href=\"https:\/\/cubekolesa.splet.arnes.si\/?page_id=66\">Beri naprej <span class=\"meta-nav\">&rarr;<\/span><\/a><\/p>\n","protected":false},"author":71417,"featured_media":0,"parent":0,"menu_order":0,"comment_status":"closed","ping_status":"closed","template":"","meta":{"footnotes":""},"class_list":["post-66","page","type-page","status-publish","hentry"],"_links":{"self":[{"href":"https:\/\/cubekolesa.splet.arnes.si\/index.php?rest_route=\/wp\/v2\/pages\/66","targetHints":{"allow":["GET"]}}],"collection":[{"href":"https:\/\/cubekolesa.splet.arnes.si\/index.php?rest_route=\/wp\/v2\/pages"}],"about":[{"href":"https:\/\/cubekolesa.splet.arnes.si\/index.php?rest_route=\/wp\/v2\/types\/page"}],"author":[{"embeddable":true,"href":"https:\/\/cubekolesa.splet.arnes.si\/index.php?rest_route=\/wp\/v2\/users\/71417"}],"replies":[{"embeddable":true,"href":"https:\/\/cubekolesa.splet.arnes.si\/index.php?rest_route=%2Fwp%2Fv2%2Fcomments&post=66"}],"version-history":[{"count":3,"href":"https:\/\/cubekolesa.splet.arnes.si\/index.php?rest_route=\/wp\/v2\/pages\/66\/revisions"}],"predecessor-version":[{"id":258,"href":"https:\/\/cubekolesa.splet.arnes.si\/index.php?rest_route=\/wp\/v2\/pages\/66\/revisions\/258"}],"wp:attachment":[{"href":"https:\/\/cubekolesa.splet.arnes.si\/index.php?rest_route=%2Fwp%2Fv2%2Fmedia&parent=66"}],"curies":[{"name":"wp","href":"https:\/\/api.w.org\/{rel}","templated":true}]}}