{"id":83,"date":"2025-11-11T13:20:49","date_gmt":"2025-11-11T12:20:49","guid":{"rendered":"https:\/\/cubekolesa.splet.arnes.si\/?page_id=83"},"modified":"2025-11-11T13:20:49","modified_gmt":"2025-11-11T12:20:49","slug":"","status":"publish","type":"page","link":"https:\/\/cubekolesa.splet.arnes.si\/?page_id=83","title":{"rendered":"CUBE AIM SLX"},"content":{"rendered":"\n<p>Za rekreativnega gorskega kolesarja, ki \u017eeli zanesljivo, vsestransko hardtail kolo, s solidno opremo, za gozdne poti, trail-izlete, manj ekstremne spuste.<br>\u2013 Ni primarno za zelo tehni\u010dne spuste, skoke ali agresivno enduro vo\u017enjo \u2014 \u010de je to tvoj stil, potem bi razmislil o modelu z ve\u010d vzmetenja ali vi\u0161jim razredom komponent.<br>\u2013 \u010ce \u017eeli\u0161 kolo, ki ti omogo\u010da \u0161ir\u0161i spekter poti \u2014 od lahkih trailov do gozdnih makadamov \u2014 in ne \u017eeli\u0161 nastavljati vsakega deleka v top-razred, potem Aim SLX predstavlja dobro razmerje med ceno in zmogljivostjo.<\/p>\n\n\n\n<figure class=\"wp-block-image size-large\"><img loading=\"lazy\" decoding=\"async\" width=\"1024\" height=\"576\" src=\"https:\/\/cubekolesa.splet.arnes.si\/files\/2025\/11\/image-15-1024x576.png\" alt=\"\" class=\"wp-image-86\" srcset=\"https:\/\/cubekolesa.splet.arnes.si\/files\/2025\/11\/image-15-1024x576.png 1024w, https:\/\/cubekolesa.splet.arnes.si\/files\/2025\/11\/image-15-300x169.png 300w, https:\/\/cubekolesa.splet.arnes.si\/files\/2025\/11\/image-15-768x432.png 768w, https:\/\/cubekolesa.splet.arnes.si\/files\/2025\/11\/image-15-1536x864.png 1536w, https:\/\/cubekolesa.splet.arnes.si\/files\/2025\/11\/image-15-500x281.png 500w, https:\/\/cubekolesa.splet.arnes.si\/files\/2025\/11\/image-15.png 1920w\" sizes=\"auto, (max-width: 1024px) 100vw, 1024px\" \/><\/figure>\n","protected":false},"excerpt":{"rendered":"<p>Za rekreativnega gorskega kolesarja, ki \u017eeli zanesljivo, vsestransko hardtail kolo, s solidno opremo, za gozdne poti, trail-izlete, manj ekstremne spuste.\u2013 Ni primarno za zelo tehni\u010dne spuste, skoke ali agresivno enduro vo\u017enjo \u2014 \u010de je to tvoj stil, potem bi razmislil &hellip; <a href=\"https:\/\/cubekolesa.splet.arnes.si\/?page_id=83\">Beri naprej <span class=\"meta-nav\">&rarr;<\/span><\/a><\/p>\n","protected":false},"author":71417,"featured_media":0,"parent":0,"menu_order":0,"comment_status":"closed","ping_status":"closed","template":"","meta":{"footnotes":""},"class_list":["post-83","page","type-page","status-publish","hentry"],"_links":{"self":[{"href":"https:\/\/cubekolesa.splet.arnes.si\/index.php?rest_route=\/wp\/v2\/pages\/83","targetHints":{"allow":["GET"]}}],"collection":[{"href":"https:\/\/cubekolesa.splet.arnes.si\/index.php?rest_route=\/wp\/v2\/pages"}],"about":[{"href":"https:\/\/cubekolesa.splet.arnes.si\/index.php?rest_route=\/wp\/v2\/types\/page"}],"author":[{"embeddable":true,"href":"https:\/\/cubekolesa.splet.arnes.si\/index.php?rest_route=\/wp\/v2\/users\/71417"}],"replies":[{"embeddable":true,"href":"https:\/\/cubekolesa.splet.arnes.si\/index.php?rest_route=%2Fwp%2Fv2%2Fcomments&post=83"}],"version-history":[{"count":3,"href":"https:\/\/cubekolesa.splet.arnes.si\/index.php?rest_route=\/wp\/v2\/pages\/83\/revisions"}],"predecessor-version":[{"id":87,"href":"https:\/\/cubekolesa.splet.arnes.si\/index.php?rest_route=\/wp\/v2\/pages\/83\/revisions\/87"}],"wp:attachment":[{"href":"https:\/\/cubekolesa.splet.arnes.si\/index.php?rest_route=%2Fwp%2Fv2%2Fmedia&parent=83"}],"curies":[{"name":"wp","href":"https:\/\/api.w.org\/{rel}","templated":true}]}}