{"id":88,"date":"2025-11-11T13:42:28","date_gmt":"2025-11-11T12:42:28","guid":{"rendered":"https:\/\/cubekolesa.splet.arnes.si\/?page_id=88"},"modified":"2025-12-09T14:11:48","modified_gmt":"2025-12-09T13:11:48","slug":"cube-agree","status":"publish","type":"page","link":"https:\/\/cubekolesa.splet.arnes.si\/?page_id=88","title":{"rendered":"CUBE AGREE"},"content":{"rendered":"\n<p>Za kolesarja, ki \u017eeli visoko kakovostno cestno kolo, z ogljikovim okvirjem in opremo, ki omogo\u010da dobre zmogljivosti, hkrati pa \u0161e vedno dovolj udobno za dalj\u0161e ture.<\/p>\n\n\n\n<p>Za nekoga, ki pelje redno asfaltne ture, mogo\u010de tudi v bolj tekmovalnem kontekstu ali \u017eeli naprimer kolo, ki \u201czmore ve\u010d\u201d \u2014 ne le \u201crekreativna vo\u017enja\u201d.<\/p>\n\n\n\n<p>\u010ce ima\u0161 \u017eeljo po zdru\u017eitvi zmogljivosti + vsestranskosti in ti geometrija \u0161portnej\u0161a ustreza \u2014 to je odli\u010dna izbira.<\/p>\n\n\n\n<p>\u010ce pa je tvoja vo\u017enja bolj casual, recimo \u201cpona\u0161anje\u201d po mestu, zelo spro\u0161\u010dene ture, ali \u010de \u017eeli\u0161 kolo bolj za slab\u0161e ceste, gru\u0161\u010d, velik poudarek na maksimalnem udobju \u2014 potem bi lahko razmislil o nekoliko bolj \u201cudobnem\u201d modelu ali manj agresivni geometriji.<\/p>\n\n\n\n<figure class=\"wp-block-image size-large\"><img loading=\"lazy\" decoding=\"async\" width=\"1024\" height=\"557\" src=\"https:\/\/cubekolesa.splet.arnes.si\/files\/2025\/11\/image-19-1024x557.png\" alt=\"\" class=\"wp-image-108\" srcset=\"https:\/\/cubekolesa.splet.arnes.si\/files\/2025\/11\/image-19-1024x557.png 1024w, https:\/\/cubekolesa.splet.arnes.si\/files\/2025\/11\/image-19-300x163.png 300w, https:\/\/cubekolesa.splet.arnes.si\/files\/2025\/11\/image-19-768x418.png 768w, https:\/\/cubekolesa.splet.arnes.si\/files\/2025\/11\/image-19-500x272.png 500w, https:\/\/cubekolesa.splet.arnes.si\/files\/2025\/11\/image-19.png 1280w\" sizes=\"auto, (max-width: 1024px) 100vw, 1024px\" \/><\/figure>\n","protected":false},"excerpt":{"rendered":"<p>Za kolesarja, ki \u017eeli visoko kakovostno cestno kolo, z ogljikovim okvirjem in opremo, ki omogo\u010da dobre zmogljivosti, hkrati pa \u0161e vedno dovolj udobno za dalj\u0161e ture. Za nekoga, ki pelje redno asfaltne ture, mogo\u010de tudi v bolj tekmovalnem kontekstu ali &hellip; <a href=\"https:\/\/cubekolesa.splet.arnes.si\/?page_id=88\">Beri naprej <span class=\"meta-nav\">&rarr;<\/span><\/a><\/p>\n","protected":false},"author":71417,"featured_media":0,"parent":0,"menu_order":0,"comment_status":"closed","ping_status":"closed","template":"","meta":{"footnotes":""},"class_list":["post-88","page","type-page","status-publish","hentry"],"_links":{"self":[{"href":"https:\/\/cubekolesa.splet.arnes.si\/index.php?rest_route=\/wp\/v2\/pages\/88","targetHints":{"allow":["GET"]}}],"collection":[{"href":"https:\/\/cubekolesa.splet.arnes.si\/index.php?rest_route=\/wp\/v2\/pages"}],"about":[{"href":"https:\/\/cubekolesa.splet.arnes.si\/index.php?rest_route=\/wp\/v2\/types\/page"}],"author":[{"embeddable":true,"href":"https:\/\/cubekolesa.splet.arnes.si\/index.php?rest_route=\/wp\/v2\/users\/71417"}],"replies":[{"embeddable":true,"href":"https:\/\/cubekolesa.splet.arnes.si\/index.php?rest_route=%2Fwp%2Fv2%2Fcomments&post=88"}],"version-history":[{"count":4,"href":"https:\/\/cubekolesa.splet.arnes.si\/index.php?rest_route=\/wp\/v2\/pages\/88\/revisions"}],"predecessor-version":[{"id":301,"href":"https:\/\/cubekolesa.splet.arnes.si\/index.php?rest_route=\/wp\/v2\/pages\/88\/revisions\/301"}],"wp:attachment":[{"href":"https:\/\/cubekolesa.splet.arnes.si\/index.php?rest_route=%2Fwp%2Fv2%2Fmedia&parent=88"}],"curies":[{"name":"wp","href":"https:\/\/api.w.org\/{rel}","templated":true}]}}