{"id":9,"date":"2025-11-04T14:02:50","date_gmt":"2025-11-04T13:02:50","guid":{"rendered":"https:\/\/cubekolesa.splet.arnes.si\/?page_id=9"},"modified":"2025-11-04T14:02:50","modified_gmt":"2025-11-04T13:02:50","slug":"","status":"publish","type":"page","link":"https:\/\/cubekolesa.splet.arnes.si\/?page_id=9","title":{"rendered":"STEREO HYBRID ONE44"},"content":{"rendered":"\n<p><\/p>\n\n\n\n<p>To je<strong> <\/strong>elektri\u010dno (e\u2011MTB) polnovzmeteno kolo (full-suspension), namenjeno trailom in all\u2011mountain vo\u017enji. <\/p>\n\n\n\n<p>Ima spredaj in zadaj vzmetenje (prednja feff + zadnji amortizer), pribli\u017eno 140 mm hoda obeh, kar pomeni, da je primerno za zahtevnej\u0161i teren, kamne, korenine in spuste. <\/p>\n\n\n\n<p>Uporablja zmogljiv motor Bosch Performance Line CX \/ CX Gen\u20115, z veliko pomo\u010di, ki pomaga pri klancih in v zahtevnem terenu. <\/p>\n\n\n\n<p>Baterija je Bosch PowerTube 800 Wh, kar pomeni, da ima\u0161 precej veliko kapaciteto \u2014 to omogo\u010da bolj dolge ture, z ve\u010d vzponi, preden ti zmanjka energije.<\/p>\n\n\n\n<figure class=\"wp-block-image size-large\"><img loading=\"lazy\" decoding=\"async\" width=\"1024\" height=\"683\" src=\"https:\/\/cubekolesa.splet.arnes.si\/files\/2025\/11\/image-1024x683.png\" alt=\"\" class=\"wp-image-13\" srcset=\"https:\/\/cubekolesa.splet.arnes.si\/files\/2025\/11\/image-1024x683.png 1024w, https:\/\/cubekolesa.splet.arnes.si\/files\/2025\/11\/image-300x200.png 300w, https:\/\/cubekolesa.splet.arnes.si\/files\/2025\/11\/image-768x512.png 768w, https:\/\/cubekolesa.splet.arnes.si\/files\/2025\/11\/image-1536x1025.png 1536w, https:\/\/cubekolesa.splet.arnes.si\/files\/2025\/11\/image-2048x1366.png 2048w, https:\/\/cubekolesa.splet.arnes.si\/files\/2025\/11\/image-450x300.png 450w\" sizes=\"auto, (max-width: 1024px) 100vw, 1024px\" \/><\/figure>\n\n\n\n<p><\/p>\n","protected":false},"excerpt":{"rendered":"<p>To je elektri\u010dno (e\u2011MTB) polnovzmeteno kolo (full-suspension), namenjeno trailom in all\u2011mountain vo\u017enji. Ima spredaj in zadaj vzmetenje (prednja feff + zadnji amortizer), pribli\u017eno 140 mm hoda obeh, kar pomeni, da je primerno za zahtevnej\u0161i teren, kamne, korenine in spuste. Uporablja &hellip; <a href=\"https:\/\/cubekolesa.splet.arnes.si\/?page_id=9\">Beri naprej <span class=\"meta-nav\">&rarr;<\/span><\/a><\/p>\n","protected":false},"author":71417,"featured_media":0,"parent":0,"menu_order":0,"comment_status":"closed","ping_status":"closed","template":"","meta":{"footnotes":""},"class_list":["post-9","page","type-page","status-publish","hentry"],"_links":{"self":[{"href":"https:\/\/cubekolesa.splet.arnes.si\/index.php?rest_route=\/wp\/v2\/pages\/9","targetHints":{"allow":["GET"]}}],"collection":[{"href":"https:\/\/cubekolesa.splet.arnes.si\/index.php?rest_route=\/wp\/v2\/pages"}],"about":[{"href":"https:\/\/cubekolesa.splet.arnes.si\/index.php?rest_route=\/wp\/v2\/types\/page"}],"author":[{"embeddable":true,"href":"https:\/\/cubekolesa.splet.arnes.si\/index.php?rest_route=\/wp\/v2\/users\/71417"}],"replies":[{"embeddable":true,"href":"https:\/\/cubekolesa.splet.arnes.si\/index.php?rest_route=%2Fwp%2Fv2%2Fcomments&post=9"}],"version-history":[{"count":6,"href":"https:\/\/cubekolesa.splet.arnes.si\/index.php?rest_route=\/wp\/v2\/pages\/9\/revisions"}],"predecessor-version":[{"id":43,"href":"https:\/\/cubekolesa.splet.arnes.si\/index.php?rest_route=\/wp\/v2\/pages\/9\/revisions\/43"}],"wp:attachment":[{"href":"https:\/\/cubekolesa.splet.arnes.si\/index.php?rest_route=%2Fwp%2Fv2%2Fmedia&parent=9"}],"curies":[{"name":"wp","href":"https:\/\/api.w.org\/{rel}","templated":true}]}}