{"id":90,"date":"2025-11-11T13:39:41","date_gmt":"2025-11-11T12:39:41","guid":{"rendered":"https:\/\/cubekolesa.splet.arnes.si\/?page_id=90"},"modified":"2025-11-11T13:39:41","modified_gmt":"2025-11-11T12:39:41","slug":"","status":"publish","type":"page","link":"https:\/\/cubekolesa.splet.arnes.si\/?page_id=90","title":{"rendered":"CUBE ATTAIN"},"content":{"rendered":"\n<p>Za kolesarja, ki \u017eeli zanesljivo in razumno cenjeno cestno kolo za redno asfaltno vo\u017enjo, ture, rekreativne izlete.<\/p>\n\n\n\n<p>Za tiste, ki ne potrebujejo \u201ctop\u201d dirkalne geometrije ali ultra-lahkega karbon okvirja, ampak \u017eelijo dobro vrednost in vsestranskost.<\/p>\n\n\n\n<p>\u010ce vozi\u0161 ve\u010dinoma po asfaltu, morda tudi ob\u010dasno po manj zahtevnih cestah \u2014 in \u017eeli\u0161 kolo, ki je dovolj zmogljivo za to.<\/p>\n\n\n\n<p>\u010ce pa je tvoj glavni namen resno tekmovanje, zelo agresivna vo\u017enja, ali vo\u017enja po slab\u0161ih cestah\/gravelu pogosto \u2014 potem bi morda razmislil o vi\u0161ji izvedbi (npr. carbon okvir) ali modelu bolj specializiranem za tak\u0161ne pogoje.<\/p>\n\n\n\n<figure class=\"wp-block-image size-large\"><img loading=\"lazy\" decoding=\"async\" width=\"1024\" height=\"683\" src=\"https:\/\/cubekolesa.splet.arnes.si\/files\/2025\/11\/image-18-1024x683.png\" alt=\"\" class=\"wp-image-104\" srcset=\"https:\/\/cubekolesa.splet.arnes.si\/files\/2025\/11\/image-18-1024x683.png 1024w, https:\/\/cubekolesa.splet.arnes.si\/files\/2025\/11\/image-18-300x200.png 300w, https:\/\/cubekolesa.splet.arnes.si\/files\/2025\/11\/image-18-768x512.png 768w, https:\/\/cubekolesa.splet.arnes.si\/files\/2025\/11\/image-18-1536x1024.png 1536w, https:\/\/cubekolesa.splet.arnes.si\/files\/2025\/11\/image-18-450x300.png 450w, https:\/\/cubekolesa.splet.arnes.si\/files\/2025\/11\/image-18.png 1600w\" sizes=\"auto, (max-width: 1024px) 100vw, 1024px\" \/><\/figure>\n","protected":false},"excerpt":{"rendered":"<p>Za kolesarja, ki \u017eeli zanesljivo in razumno cenjeno cestno kolo za redno asfaltno vo\u017enjo, ture, rekreativne izlete. Za tiste, ki ne potrebujejo \u201ctop\u201d dirkalne geometrije ali ultra-lahkega karbon okvirja, ampak \u017eelijo dobro vrednost in vsestranskost. \u010ce vozi\u0161 ve\u010dinoma po asfaltu, &hellip; <a href=\"https:\/\/cubekolesa.splet.arnes.si\/?page_id=90\">Beri naprej <span class=\"meta-nav\">&rarr;<\/span><\/a><\/p>\n","protected":false},"author":71417,"featured_media":0,"parent":0,"menu_order":0,"comment_status":"closed","ping_status":"closed","template":"","meta":{"footnotes":""},"class_list":["post-90","page","type-page","status-publish","hentry"],"_links":{"self":[{"href":"https:\/\/cubekolesa.splet.arnes.si\/index.php?rest_route=\/wp\/v2\/pages\/90","targetHints":{"allow":["GET"]}}],"collection":[{"href":"https:\/\/cubekolesa.splet.arnes.si\/index.php?rest_route=\/wp\/v2\/pages"}],"about":[{"href":"https:\/\/cubekolesa.splet.arnes.si\/index.php?rest_route=\/wp\/v2\/types\/page"}],"author":[{"embeddable":true,"href":"https:\/\/cubekolesa.splet.arnes.si\/index.php?rest_route=\/wp\/v2\/users\/71417"}],"replies":[{"embeddable":true,"href":"https:\/\/cubekolesa.splet.arnes.si\/index.php?rest_route=%2Fwp%2Fv2%2Fcomments&post=90"}],"version-history":[{"count":3,"href":"https:\/\/cubekolesa.splet.arnes.si\/index.php?rest_route=\/wp\/v2\/pages\/90\/revisions"}],"predecessor-version":[{"id":105,"href":"https:\/\/cubekolesa.splet.arnes.si\/index.php?rest_route=\/wp\/v2\/pages\/90\/revisions\/105"}],"wp:attachment":[{"href":"https:\/\/cubekolesa.splet.arnes.si\/index.php?rest_route=%2Fwp%2Fv2%2Fmedia&parent=90"}],"curies":[{"name":"wp","href":"https:\/\/api.w.org\/{rel}","templated":true}]}}