{"id":92,"date":"2025-11-11T13:33:33","date_gmt":"2025-11-11T12:33:33","guid":{"rendered":"https:\/\/cubekolesa.splet.arnes.si\/?page_id=92"},"modified":"2025-11-11T13:33:33","modified_gmt":"2025-11-11T12:33:33","slug":"","status":"publish","type":"page","link":"https:\/\/cubekolesa.splet.arnes.si\/?page_id=92","title":{"rendered":"CUBE LITENING AIR"},"content":{"rendered":"\n<p>Za kolesarja, ki \u017eelijo vrhunsko cestno kolo \u2014 z minimalno te\u017eo, maksimalno aerodinamiko in so pripravljeni vlo\u017eiti v nek \u201ctop\u201d model.<\/p>\n\n\n\n<p>Za tiste, ki so aktivni, recimo tekmujejo ali trenirajo resneje, in i\u0161\u010dejo kolo, ki jih ne omejuje \u2014 ampak katero jim da resne zmogljivosti.<\/p>\n\n\n\n<p>\u010ce vozi\u0161 po asfaltu, veliko vzponov, spustov, \u017eeli\u0161 maksimalno u\u010dinkovitost in hitrost \u2014 to kolo bo izpolnilo te kriterije.<\/p>\n\n\n\n<p>\u010ce pa vozi\u0161 ve\u010d rekreativno, po slab\u0161ih cestah, ali i\u0161\u010de\u0161 ve\u010d udobja in manj \u201cagresivnosti\u201d \u2014 potem je morda model z bolj udobno geometrijo ali manj ekstremnimi komponentami bolj smiseln.<\/p>\n\n\n\n<figure class=\"wp-block-image size-full\"><img loading=\"lazy\" decoding=\"async\" width=\"1024\" height=\"683\" src=\"https:\/\/cubekolesa.splet.arnes.si\/files\/2025\/11\/image-17.png\" alt=\"\" class=\"wp-image-101\" srcset=\"https:\/\/cubekolesa.splet.arnes.si\/files\/2025\/11\/image-17.png 1024w, https:\/\/cubekolesa.splet.arnes.si\/files\/2025\/11\/image-17-300x200.png 300w, https:\/\/cubekolesa.splet.arnes.si\/files\/2025\/11\/image-17-768x512.png 768w, https:\/\/cubekolesa.splet.arnes.si\/files\/2025\/11\/image-17-450x300.png 450w\" sizes=\"auto, (max-width: 1024px) 100vw, 1024px\" \/><\/figure>\n","protected":false},"excerpt":{"rendered":"<p>Za kolesarja, ki \u017eelijo vrhunsko cestno kolo \u2014 z minimalno te\u017eo, maksimalno aerodinamiko in so pripravljeni vlo\u017eiti v nek \u201ctop\u201d model. Za tiste, ki so aktivni, recimo tekmujejo ali trenirajo resneje, in i\u0161\u010dejo kolo, ki jih ne omejuje \u2014 ampak &hellip; <a href=\"https:\/\/cubekolesa.splet.arnes.si\/?page_id=92\">Beri naprej <span class=\"meta-nav\">&rarr;<\/span><\/a><\/p>\n","protected":false},"author":71417,"featured_media":0,"parent":0,"menu_order":0,"comment_status":"closed","ping_status":"closed","template":"","meta":{"footnotes":""},"class_list":["post-92","page","type-page","status-publish","hentry"],"_links":{"self":[{"href":"https:\/\/cubekolesa.splet.arnes.si\/index.php?rest_route=\/wp\/v2\/pages\/92","targetHints":{"allow":["GET"]}}],"collection":[{"href":"https:\/\/cubekolesa.splet.arnes.si\/index.php?rest_route=\/wp\/v2\/pages"}],"about":[{"href":"https:\/\/cubekolesa.splet.arnes.si\/index.php?rest_route=\/wp\/v2\/types\/page"}],"author":[{"embeddable":true,"href":"https:\/\/cubekolesa.splet.arnes.si\/index.php?rest_route=\/wp\/v2\/users\/71417"}],"replies":[{"embeddable":true,"href":"https:\/\/cubekolesa.splet.arnes.si\/index.php?rest_route=%2Fwp%2Fv2%2Fcomments&post=92"}],"version-history":[{"count":4,"href":"https:\/\/cubekolesa.splet.arnes.si\/index.php?rest_route=\/wp\/v2\/pages\/92\/revisions"}],"predecessor-version":[{"id":102,"href":"https:\/\/cubekolesa.splet.arnes.si\/index.php?rest_route=\/wp\/v2\/pages\/92\/revisions\/102"}],"wp:attachment":[{"href":"https:\/\/cubekolesa.splet.arnes.si\/index.php?rest_route=%2Fwp%2Fv2%2Fmedia&parent=92"}],"curies":[{"name":"wp","href":"https:\/\/api.w.org\/{rel}","templated":true}]}}